{"id":90,"date":"2017-11-03T13:29:54","date_gmt":"2017-11-03T13:29:54","guid":{"rendered":"https:\/\/daiquiribartender.axessdata.se\/?page_id=90"},"modified":"2025-12-30T22:35:50","modified_gmt":"2025-12-30T21:35:50","slug":"bar-solutions","status":"publish","type":"page","link":"https:\/\/daiquiribartender.axessdata.se\/index.php\/bar-solutions\/","title":{"rendered":"Bar L\u00f6sningar"},"content":{"rendered":"<div class=\"wpb-content-wrapper\"><p>[vc_row][vc_column icons_position=&#8221;left&#8221;][vc_empty_space height=&#8221;4.7em&#8221; alter_height=&#8221;none&#8221; hide_on_desktop=&#8221;&#8221; hide_on_notebook=&#8221;&#8221; hide_on_tablet=&#8221;&#8221; hide_on_mobile=&#8221;&#8221;][vc_empty_space height=&#8221;3em&#8221; alter_height=&#8221;none&#8221; hide_on_desktop=&#8221;&#8221; hide_on_notebook=&#8221;&#8221; hide_on_tablet=&#8221;&#8221; hide_on_mobile=&#8221;1&#8243;]<div id=\"sc_title_2145773320\"\r\n\t\tclass=\"sc_title color_style_default sc_title_default\"><h6 class=\"sc_item_subtitle sc_title_subtitle sc_align_center sc_item_title_style_default\"><span class=\"in\">service<\/span><\/h6><h3 class=\"sc_item_title sc_title_title sc_align_center sc_item_title_style_default\">Vad Vi Erbjuder<\/h3><div class=\"sc_item_descr sc_title_descr sc_align_center\"><p>Nulla viverra non dolor et volutpat. Pellentesque ultricies tortor id condimentum vulputate. Fusce in eros gravida, egestas erat efficitur, luctus nunc. Donec facilisis sodales arcu id sollicitudin. Nunc justo massa, viverra sit amet malesuada et, tincidunt eget nisl. In rhoncus dapibus congue. Pellentesque nec nisi ac sem commodo facilisis. Proin consequat pellentesque nisi, sit amet posuere magna suscipit fermentum.<\/p>\n<\/div><\/div><!-- \/.sc_title -->[vc_empty_space height=&#8221;1.6em&#8221; alter_height=&#8221;none&#8221; hide_on_desktop=&#8221;&#8221; hide_on_notebook=&#8221;&#8221; hide_on_tablet=&#8221;&#8221; hide_on_mobile=&#8221;&#8221;]<div id=\"sc_services_1423075679\" class=\"sc_services color_style_default sc_services_chess sc_services_featured_top\"><div class=\"sc_services_content sc_item_content sc_item_columns_1\"><div class=\"sc_services_item with_content without_style\"><div class=\"post_featured with_thumb hover_icon sc_services_item_header post_featured_bg daiquiri_inline_1855988830\"><div class=\"mask\"><\/div><div class=\"icons\"><a href=\"https:\/\/daiquiribartender.axessdata.se\/index.php\/services\/additional-services\/\" aria-hidden=\"true\" class=\"icon-link-1\"><\/a><\/div><\/div>\t<div class=\"sc_services_item_content\">\n        <div class=\"sc_services_item_subtitle\"><a href=\"https:\/\/daiquiribartender.axessdata.se\/index.php\/services_group\/bar-services\/\" title=\"View all posts in Bar Service\">Bar Service<\/a><\/div>\n        \t\t<h4 class=\"sc_services_item_title\"><a href=\"https:\/\/daiquiribartender.axessdata.se\/index.php\/services\/additional-services\/\">Ytterliggare Service<\/a><\/h4>\n\t\t\t\t\t<div class=\"sc_services_item_text\"><p>V\u00e5rt f\u00f6retag erbjuder \u00e4ven catering och ett komplett utbud av kringtj\u00e4nster f\u00f6r era evenemang.<\/p>\n<\/div>\n            <div class=\"sc_services_item_button sc_item_button\"><a href=\"https:\/\/daiquiribartender.axessdata.se\/index.php\/services\/additional-services\/\" class=\"sc_button color_style_default sc_button_default sc_button_size_normal\">visa detaljer<\/a><\/div>\t\t\t<\/div>\n\n\n\n\n<span class=\"sc_services_item_icon icon-020-food\"><\/span>\n<\/div>\n<div class=\"sc_services_item with_content without_style\"><div class=\"post_featured with_thumb hover_icon sc_services_item_header post_featured_bg daiquiri_inline_484693851\"><div class=\"mask\"><\/div><div class=\"icons\"><a href=\"https:\/\/daiquiribartender.axessdata.se\/index.php\/services\/mobile-bar-hire-2\/\" aria-hidden=\"true\" class=\"icon-link-1\"><\/a><\/div><\/div>\t<div class=\"sc_services_item_content\">\n        <div class=\"sc_services_item_subtitle\"><a href=\"https:\/\/daiquiribartender.axessdata.se\/index.php\/services_group\/bar-services\/\" title=\"View all posts in Bar Service\">Bar Service<\/a><\/div>\n        \t\t<h4 class=\"sc_services_item_title\"><a href=\"https:\/\/daiquiribartender.axessdata.se\/index.php\/services\/mobile-bar-hire-2\/\">Mobil Bar Uthyrning<\/a><\/h4>\n\t\t\t\t\t<div class=\"sc_services_item_text\"><p>V\u00e5ra barer \u00e4r de b\u00e4sta i branschen med alla faciliteter som beh\u00f6vs f\u00f6r en professionell service.<\/p>\n<\/div>\n            <div class=\"sc_services_item_button sc_item_button\"><a href=\"https:\/\/daiquiribartender.axessdata.se\/index.php\/services\/mobile-bar-hire-2\/\" class=\"sc_button color_style_default sc_button_default sc_button_size_normal\">visa detaljer<\/a><\/div>\t\t\t<\/div>\n\n\n\n\n<span class=\"sc_services_item_icon icon-019-bartender\"><\/span>\n<\/div>\n<div class=\"sc_services_item with_content without_style\"><div class=\"post_featured with_thumb hover_icon sc_services_item_header post_featured_bg daiquiri_inline_775978351\"><div class=\"mask\"><\/div><div class=\"icons\"><a href=\"https:\/\/daiquiribartender.axessdata.se\/index.php\/services\/mobile-bar-hire\/\" aria-hidden=\"true\" class=\"icon-link-1\"><\/a><\/div><\/div>\t<div class=\"sc_services_item_content\">\n        <div class=\"sc_services_item_subtitle\"><a href=\"https:\/\/daiquiribartender.axessdata.se\/index.php\/services_group\/bar-services\/\" title=\"View all posts in Bar Service\">Bar Service<\/a><\/div>\n        \t\t<h4 class=\"sc_services_item_title\"><a href=\"https:\/\/daiquiribartender.axessdata.se\/index.php\/services\/mobile-bar-hire\/\">Cocktail Bar L\u00f6sningar<\/a><\/h4>\n\t\t\t\t\t<div class=\"sc_services_item_text\"><p>Vi anordnar interaktiva drinkmottagningar, stilfulla bartenderupptr\u00e4danden och utst\u00e4llnings barer.<\/p>\n<\/div>\n            <div class=\"sc_services_item_button sc_item_button\"><a href=\"https:\/\/daiquiribartender.axessdata.se\/index.php\/services\/mobile-bar-hire\/\" class=\"sc_button color_style_default sc_button_default sc_button_size_normal\">visa detaljer<\/a><\/div>\t\t\t<\/div>\n\n\n\n\n<span class=\"sc_services_item_icon icon-004_martini\"><\/span>\n<\/div>\n<\/div><\/div><!-- \/.sc_services -->[vc_empty_space height=&#8221;5em&#8221; alter_height=&#8221;none&#8221; hide_on_desktop=&#8221;&#8221; hide_on_notebook=&#8221;&#8221; hide_on_tablet=&#8221;&#8221; hide_on_mobile=&#8221;&#8221;][vc_empty_space height=&#8221;3em&#8221; alter_height=&#8221;none&#8221; hide_on_desktop=&#8221;&#8221; hide_on_notebook=&#8221;&#8221; hide_on_tablet=&#8221;&#8221; hide_on_mobile=&#8221;1&#8243;][\/vc_column][\/vc_row][vc_row full_width=&#8221;stretch_row&#8221; hide_bg_image_on_tablet=&#8221;&#8221; hide_bg_image_on_mobile=&#8221;&#8221; css=&#8221;.vc_custom_1510144267206{background-color: #eceae6 !important;}&#8221;][vc_column width=&#8221;1\/12&#8243; icons_position=&#8221;left&#8221;][\/vc_column][vc_column width=&#8221;10\/12&#8243; icons_position=&#8221;left&#8221;][vc_empty_space height=&#8221;4em&#8221; alter_height=&#8221;none&#8221; hide_on_desktop=&#8221;&#8221; hide_on_notebook=&#8221;&#8221; hide_on_tablet=&#8221;&#8221; hide_on_mobile=&#8221;&#8221;][vc_empty_space height=&#8221;3.9em&#8221; alter_height=&#8221;none&#8221; hide_on_desktop=&#8221;&#8221; hide_on_notebook=&#8221;&#8221; hide_on_tablet=&#8221;&#8221; hide_on_mobile=&#8221;1&#8243;]<div id=\"sc_title_766793575\"\r\n\t\tclass=\"sc_title color_style_link2 sc_title_default\"><h6 class=\"sc_item_subtitle sc_title_subtitle sc_align_center sc_item_title_style_default\"><span class=\"in\">rekommendationer<\/span><\/h6><h3 class=\"sc_item_title sc_title_title sc_align_center sc_item_title_style_default\">Vad Klienter S\u00e4ger<\/h3><\/div><!-- \/.sc_title -->[vc_empty_space height=&#8221;1em&#8221; alter_height=&#8221;none&#8221; hide_on_desktop=&#8221;&#8221; hide_on_notebook=&#8221;&#8221; hide_on_tablet=&#8221;&#8221; hide_on_mobile=&#8221;&#8221;]<div  id=\"sc_testimonials_275461047\"\t\tclass=\"sc_testimonials color_style_default sc_testimonials_default\"><div class=\"sc_testimonials_slider sc_item_slider slider_swiper_outer slider_outer slider_outer_controls slider_outer_controls_side slider_outer_nopagination slider_outer_one\">\r\n\t<div class=\"slider_container swiper-slider-container slider_swiper slider_noresize slider_controls slider_controls_side slider_nopagination slider_one\" data-slides-min-width=\"290\" data-pagination=\"bullets\">\r\n\t\t<div class=\"slides slider-wrapper swiper-wrapper sc_item_columns_1\"><div class=\"slider-slide swiper-slide\"><div class=\"sc_testimonials_item\">\r\n\t<div class=\"sc_testimonials_item_content\"><p>\u201c <span class=\"HwtZe\" lang=\"sv\"><span class=\"jCAhz\"><span class=\"ryNqvb\">Daiquiri var bartender och bar personal p\u00e5 v\u00e5rt br\u00f6llop f\u00f6rra m\u00e5naden.<\/span><\/span> <span class=\"jCAhz ChMk0b\"><span class=\"ryNqvb\">De var ett n\u00f6je att arbeta med \u2013 lyh\u00f6rda, p\u00e5litliga och r\u00e4ttvisa.<\/span><\/span> <span class=\"jCAhz ChMk0b\"><span class=\"ryNqvb\">Bartenderpersonalen var fantastisk, och v\u00e5ra g\u00e4ster hade en fantastisk tid!<\/span><\/span><\/span> \u201d<\/p>\n\n\n<p><\/p>\n<\/div>\r\n\t<div class=\"sc_testimonials_item_author\">\r\n\t\t\t\t<div class=\"sc_testimonials_item_author_data\">\r\n\t\t\t<h4 class=\"sc_testimonials_item_author_title\">Linda Gregory<\/h4>\r\n\t\t\t<div class=\"sc_testimonials_item_author_subtitle\">35 \u00e5r<\/div>\r\n\t\t<\/div>\r\n\t<\/div>\r\n<\/div>\r\n<\/div><div class=\"slider-slide swiper-slide\"><div class=\"sc_testimonials_item\">\r\n\t<div class=\"sc_testimonials_item_content\"><p>\u201c <span class=\"HwtZe\" lang=\"sv\"><span class=\"jCAhz ChMk0b\"><span class=\"ryNqvb\">Vi anlitade Daiquiri till v\u00e5rt br\u00f6llop och alla var mycket imponerade.<\/span><\/span> <span class=\"jCAhz ChMk0b\"><span class=\"ryNqvb\">Julien och Maxence var b\u00e5da v\u00e4nliga och professionella.<\/span><\/span> <span class=\"jCAhz ChMk0b\"><span class=\"ryNqvb\">Cocktailerna var helt uts\u00f6kta!<\/span><\/span> <span class=\"jCAhz\"><span class=\"ryNqvb\">Service av h\u00f6gsta klass och oslagbart v\u00e4rde f\u00f6r pengarna.<\/span><\/span> <span class=\"jCAhz ChMk0b\"><span class=\"ryNqvb\">Bra jobbat!<\/span><\/span><\/span>\u201d<\/p>\n<\/div>\r\n\t<div class=\"sc_testimonials_item_author\">\r\n\t\t\t\t<div class=\"sc_testimonials_item_author_data\">\r\n\t\t\t<h4 class=\"sc_testimonials_item_author_title\">Julian Morton<\/h4>\r\n\t\t\t<div class=\"sc_testimonials_item_author_subtitle\">33 \u00e5r<\/div>\r\n\t\t<\/div>\r\n\t<\/div>\r\n<\/div>\r\n<\/div><div class=\"slider-slide swiper-slide\"><div class=\"sc_testimonials_item\">\r\n\t<div class=\"sc_testimonials_item_content\"><p>\u201c<span class=\"HwtZe\" lang=\"sv\"><span class=\"jCAhz ChMk0b\"><span class=\"ryNqvb\">Jimmy var fantastisk att arbeta med \u2013 v\u00e4ldigt kommunikativ, trevlig och professionell.<\/span><\/span> <span class=\"jCAhz ChMk0b\"><span class=\"ryNqvb\">Han hj\u00e4lpte oss med att planera och f\u00f6rutse v\u00e5ra g\u00e4sters behov samt att koordinera ink\u00f6p och leverans av alkohol.<\/span><\/span> <span class=\"jCAhz ChMk0b\"><span class=\"ryNqvb\">Servicen p\u00e5 v\u00e5r br\u00f6llopsdag var perfekt.<\/span><\/span><\/span>\u201d<\/p>\n<\/div>\r\n\t<div class=\"sc_testimonials_item_author\">\r\n\t\t\t\t<div class=\"sc_testimonials_item_author_data\">\r\n\t\t\t<h4 class=\"sc_testimonials_item_author_title\">Annie Mullins<\/h4>\r\n\t\t\t<div class=\"sc_testimonials_item_author_subtitle\">26 \u00e5r<\/div>\r\n\t\t<\/div>\r\n\t<\/div>\r\n<\/div>\r\n<\/div><\/div><div class=\"slider_controls_wrap\"><a class=\"slider_prev swiper-button-prev\" href=\"#\"><\/a><a class=\"slider_next swiper-button-next\" href=\"#\"><\/a><\/div><\/div><\/div><\/div><!-- \/.sc_testimonials -->[vc_empty_space height=&#8221;2.8em&#8221; alter_height=&#8221;none&#8221; hide_on_desktop=&#8221;&#8221; hide_on_notebook=&#8221;&#8221; hide_on_tablet=&#8221;&#8221; hide_on_mobile=&#8221;&#8221;][vc_empty_space height=&#8221;3.9em&#8221; alter_height=&#8221;none&#8221; hide_on_desktop=&#8221;&#8221; hide_on_notebook=&#8221;&#8221; hide_on_tablet=&#8221;&#8221; hide_on_mobile=&#8221;1&#8243;][\/vc_column][vc_column width=&#8221;1\/12&#8243; icons_position=&#8221;left&#8221;][\/vc_column][\/vc_row][vc_row][vc_column icons_position=&#8221;left&#8221;][vc_empty_space height=&#8221;4.7em&#8221; alter_height=&#8221;none&#8221; hide_on_desktop=&#8221;&#8221; hide_on_notebook=&#8221;&#8221; hide_on_tablet=&#8221;&#8221; hide_on_mobile=&#8221;&#8221;][vc_empty_space height=&#8221;3em&#8221; alter_height=&#8221;none&#8221; hide_on_desktop=&#8221;&#8221; hide_on_notebook=&#8221;&#8221; hide_on_tablet=&#8221;&#8221; hide_on_mobile=&#8221;1&#8243;]<div id=\"sc_title_2040429911\"\r\n\t\tclass=\"sc_title color_style_default sc_title_default\"><h6 class=\"sc_item_subtitle sc_title_subtitle sc_align_center sc_item_title_style_default\"><span class=\"in\">v\u00e4lj ditt paket<\/span><\/h6><h3 class=\"sc_item_title sc_title_title sc_align_center sc_item_title_style_default\">Priss\u00e4ttnings Paket<\/h3><\/div><!-- \/.sc_title -->[vc_empty_space height=&#8221;3em&#8221; alter_height=&#8221;none&#8221; hide_on_desktop=&#8221;&#8221; hide_on_notebook=&#8221;&#8221; hide_on_tablet=&#8221;&#8221; hide_on_mobile=&#8221;&#8221;][vc_empty_space height=&#8221;1.4em&#8221; alter_height=&#8221;none&#8221; hide_on_desktop=&#8221;&#8221; hide_on_notebook=&#8221;&#8221; hide_on_tablet=&#8221;&#8221; hide_on_mobile=&#8221;1&#8243;]<div  id=\"sc_price_267116677\" \n\tclass=\"sc_price color_style_default sc_price_default\"><div class=\"sc_price_columns_wrap sc_item_columns trx_addons_columns_wrap columns_padding_bottom\"><div class=\"trx_addons_column-1_3\"><div class=\"sc_price_item sc_price_item_default\">\n\t\t\t<div class=\"sc_price_item_image\" style=\"background-image:url(https:\/\/daiquiribartender.axessdata.se\/wp-content\/uploads\/2025\/12\/blog-16-760x428.jpg);\">\n\n\t\t\t\t\t<h6 class=\"sc_price_item_subtitle\"><span>standart<\/span><\/h6><h3 class=\"sc_price_item_title\"><span>Standard Mix<\/span><\/h3>\t\t\t\t\t<\/div><div class=\"sc_price_item_info\"><div class=\"sc_price_item_details\"><ul>\n<li><span class=\"icon-001_alco\"><\/span>All Alkohol Inkluderad<\/li>\n<li><span class=\"icon-002_hour\"><\/span>2 - 4 Timmar<\/li>\n<li><span class=\"icon-003_bar\"><\/span>2 Bartenders & 1 Station<\/li>\n<\/ul><\/div><div class=\"sc_price_item_price\"><span class=\"sc_price_item_price_before\">$<\/span><span class=\"sc_price_item_price_value\">520<\/span><\/div><a href=\"#\" class=\"sc_price_item_link sc_button\">v\u00e4lj paket<\/a><\/div><!-- \/.sc_price_item_info --><\/div><\/div><div class=\"trx_addons_column-1_3\"><div class=\"sc_price_item sc_price_item_default\">\n\t\t\t<div class=\"sc_price_item_image\" style=\"background-image:url(https:\/\/daiquiribartender.axessdata.se\/wp-content\/uploads\/2025\/12\/bg-9.jpg);\">\n\n\t\t\t\t\t<h6 class=\"sc_price_item_subtitle\"><span>full service<\/span><\/h6><h3 class=\"sc_price_item_title\"><span>Allt Inklusive<\/span><\/h3>\t\t\t\t\t<\/div><div class=\"sc_price_item_info\"><div class=\"sc_price_item_details\"><ul>\n<li><span class=\"icon-001_alco\"><\/span>All Alkohol Inkluderad<\/li>\n<li><span class=\"icon-002_hour\"><\/span>2 - 4 Timmar<\/li>\n<li><span class=\"icon-003_bar\"><\/span>2 Bartenders & 1 Station<\/li>\n<\/ul><\/div><div class=\"sc_price_item_price\"><span class=\"sc_price_item_price_before\">$<\/span><span class=\"sc_price_item_price_value\">700<\/span><\/div><a href=\"#\" class=\"sc_price_item_link sc_button\">v\u00e4lj paket<\/a><\/div><!-- \/.sc_price_item_info --><\/div><\/div><div class=\"trx_addons_column-1_3\"><div class=\"sc_price_item sc_price_item_default\">\n\t\t\t<div class=\"sc_price_item_image\" style=\"background-image:url(https:\/\/daiquiribartender.axessdata.se\/wp-content\/uploads\/2025\/12\/bg-10.jpg);\">\n\n\t\t\t\t\t<h6 class=\"sc_price_item_subtitle\"><span>Premium<\/span><\/h6><h3 class=\"sc_price_item_title\"><span>Premium Mix<\/span><\/h3>\t\t\t\t\t<\/div><div class=\"sc_price_item_info\"><div class=\"sc_price_item_details\"><ul>\n<li><span class=\"icon-001_alco\"><\/span>All Alkohol Inkluderad<\/li>\n<li><span class=\"icon-002_hour\"><\/span>2 - 4 Timmar<\/li>\n<li><span class=\"icon-003_bar\"><\/span>2 Bartenders & 1 Station<\/li>\n<\/ul><\/div><div class=\"sc_price_item_price\"><span class=\"sc_price_item_price_before\">$<\/span><span class=\"sc_price_item_price_value\">980<\/span><\/div><a href=\"#\" class=\"sc_price_item_link sc_button\">v\u00e4lj paket<\/a><\/div><!-- \/.sc_price_item_info --><\/div><\/div><\/div><\/div><!-- \/.sc_price -->[vc_empty_space height=&#8221;4em&#8221; alter_height=&#8221;none&#8221; hide_on_desktop=&#8221;&#8221; hide_on_notebook=&#8221;&#8221; hide_on_tablet=&#8221;&#8221; hide_on_mobile=&#8221;&#8221;][vc_empty_space height=&#8221;2.2em&#8221; alter_height=&#8221;none&#8221; hide_on_desktop=&#8221;&#8221; hide_on_notebook=&#8221;&#8221; hide_on_tablet=&#8221;&#8221; hide_on_mobile=&#8221;1&#8243;][\/vc_column][\/vc_row][vc_row full_width=&#8221;stretch_row_content_no_spaces&#8221;][vc_column icons_position=&#8221;left&#8221;][vc_separator color=&#8221;custom&#8221; css=&#8221;.vc_custom_1519124310435{margin-top: 0px !important;margin-bottom: 0px !important;}&#8221; accent_color=&#8221;#f4f0ea&#8221;][vc_empty_space height=&#8221;4em&#8221; alter_height=&#8221;none&#8221; hide_on_desktop=&#8221;&#8221; hide_on_notebook=&#8221;&#8221; hide_on_tablet=&#8221;&#8221; hide_on_mobile=&#8221;&#8221;][\/vc_column][\/vc_row][vc_row content_placement=&#8221;bottom&#8221;][vc_column width=&#8221;1\/2&#8243; icons_position=&#8221;left&#8221;][vc_empty_space height=&#8221;4em&#8221; alter_height=&#8221;none&#8221; hide_on_desktop=&#8221;&#8221; hide_on_notebook=&#8221;&#8221; hide_on_tablet=&#8221;&#8221; hide_on_mobile=&#8221;1&#8243;]<div id=\"sc_title_1283754249\"\r\n\t\tclass=\"sc_title color_style_default sc_title_default\"><h6 class=\"sc_item_subtitle sc_title_subtitle sc_align_left sc_item_title_style_default\"><span class=\"in\">anv\u00e4ndbar info<\/span><\/h6><h3 class=\"sc_item_title sc_title_title sc_align_left sc_item_title_style_default\">Frequently Asked Questions<\/h3><\/div><!-- \/.sc_title -->[vc_empty_space height=&#8221;3.5em&#8221; alter_height=&#8221;none&#8221; hide_on_desktop=&#8221;&#8221; hide_on_notebook=&#8221;&#8221; hide_on_tablet=&#8221;&#8221; hide_on_mobile=&#8221;&#8221;][vc_empty_space height=&#8221;1em&#8221; alter_height=&#8221;none&#8221; hide_on_desktop=&#8221;&#8221; hide_on_notebook=&#8221;&#8221; hide_on_tablet=&#8221;&#8221; hide_on_mobile=&#8221;1&#8243;][vc_toggle title=&#8221;Har bartendrar egna bar redskap?&#8221; open=&#8221;true&#8221; css=&#8221;&#8221;]Maecenas in sodales lectus. Proin vel lacus sed lectus ullamcorper consequat. Pellentesque laoreet leo sed lectus cursus lacinia morbi a molestie ex.[\/vc_toggle][vc_toggle title=&#8221;Har ni tidsblock eller tim minimum?&#8221; css=&#8221;&#8221;]Maecenas in sodales lectus. Proin vel lacus sed lectus ullamcorper consequat. Pellentesque laoreet leo sed lectus cursus lacinia morbi a molestie ex.[\/vc_toggle][vc_toggle title=&#8221;Beh\u00f6ver du en deposition?&#8221; css=&#8221;&#8221;]Maecenas in sodales lectus. Proin vel lacus sed lectus ullamcorper consequat. Pellentesque laoreet leo sed lectus cursus lacinia morbi a molestie ex.[\/vc_toggle][vc_toggle title=&#8221;Hur m\u00e5nga bartenders beh\u00f6ver jag?&#8221; css=&#8221;&#8221;]Maecenas in sodales lectus. Proin vel lacus sed lectus ullamcorper consequat. Pellentesque laoreet leo sed lectus cursus lacinia morbi a molestie ex.[\/vc_toggle][vc_toggle title=&#8221;Hur mycket alkohol beh\u00f6ver jag k\u00f6pa?&#8221; css=&#8221;&#8221;]Maecenas in sodales lectus. Proin vel lacus sed lectus ullamcorper consequat. Pellentesque laoreet leo sed lectus cursus lacinia morbi a molestie ex.[\/vc_toggle][vc_empty_space height=&#8221;6em&#8221; alter_height=&#8221;none&#8221; hide_on_desktop=&#8221;&#8221; hide_on_notebook=&#8221;&#8221; hide_on_tablet=&#8221;&#8221; hide_on_mobile=&#8221;&#8221;][vc_empty_space height=&#8221;2em&#8221; alter_height=&#8221;none&#8221; hide_on_desktop=&#8221;&#8221; hide_on_notebook=&#8221;&#8221; hide_on_tablet=&#8221;&#8221; hide_on_mobile=&#8221;1&#8243;][\/vc_column][vc_column width=&#8221;1\/2&#8243; icons_position=&#8221;left&#8221;][vc_single_image image=&#8221;911&#8243; img_size=&#8221;full&#8221; alignment=&#8221;center&#8221; css=&#8221;&#8221;][\/vc_column][\/vc_row]<\/p>\n<\/div>","protected":false},"excerpt":{"rendered":"<p>[vc_row][vc_column icons_position=&#8221;left&#8221;][vc_empty_space height=&#8221;4.7em&#8221; alter_height=&#8221;none&#8221; hide_on_desktop=&#8221;&#8221; hide_on_notebook=&#8221;&#8221; hide_on_tablet=&#8221;&#8221; hide_on_mobile=&#8221;&#8221;][vc_empty_space height=&#8221;3em&#8221; alter_height=&#8221;none&#8221; hide_on_desktop=&#8221;&#8221; hide_on_notebook=&#8221;&#8221; hide_on_tablet=&#8221;&#8221; hide_on_mobile=&#8221;1&#8243;][vc_empty_space height=&#8221;1.6em&#8221; alter_height=&#8221;none&#8221; hide_on_desktop=&#8221;&#8221; hide_on_notebook=&#8221;&#8221; hide_on_tablet=&#8221;&#8221; hide_on_mobile=&#8221;&#8221;][vc_empty_space height=&#8221;5em&#8221; alter_height=&#8221;none&#8221; hide_on_desktop=&#8221;&#8221; hide_on_notebook=&#8221;&#8221; hide_on_tablet=&#8221;&#8221; hide_on_mobile=&#8221;&#8221;][vc_empty_space height=&#8221;3em&#8221; alter_height=&#8221;none&#8221; hide_on_desktop=&#8221;&#8221; hide_on_notebook=&#8221;&#8221; hide_on_tablet=&#8221;&#8221; hide_on_mobile=&#8221;1&#8243;][\/vc_column][\/vc_row][vc_row full_width=&#8221;stretch_row&#8221; hide_bg_image_on_tablet=&#8221;&#8221; hide_bg_image_on_mobile=&#8221;&#8221; css=&#8221;.vc_custom_1510144267206{background-color: #eceae6 !important;}&#8221;][vc_column&hellip;<\/p>\n","protected":false},"author":1,"featured_media":0,"parent":0,"menu_order":0,"comment_status":"closed","ping_status":"closed","template":"","meta":{"footnotes":""},"class_list":["post-90","page","type-page","status-publish","hentry"],"_links":{"self":[{"href":"https:\/\/daiquiribartender.axessdata.se\/index.php\/wp-json\/wp\/v2\/pages\/90","targetHints":{"allow":["GET"]}}],"collection":[{"href":"https:\/\/daiquiribartender.axessdata.se\/index.php\/wp-json\/wp\/v2\/pages"}],"about":[{"href":"https:\/\/daiquiribartender.axessdata.se\/index.php\/wp-json\/wp\/v2\/types\/page"}],"author":[{"embeddable":true,"href":"https:\/\/daiquiribartender.axessdata.se\/index.php\/wp-json\/wp\/v2\/users\/1"}],"replies":[{"embeddable":true,"href":"https:\/\/daiquiribartender.axessdata.se\/index.php\/wp-json\/wp\/v2\/comments?post=90"}],"version-history":[{"count":5,"href":"https:\/\/daiquiribartender.axessdata.se\/index.php\/wp-json\/wp\/v2\/pages\/90\/revisions"}],"predecessor-version":[{"id":1075,"href":"https:\/\/daiquiribartender.axessdata.se\/index.php\/wp-json\/wp\/v2\/pages\/90\/revisions\/1075"}],"wp:attachment":[{"href":"https:\/\/daiquiribartender.axessdata.se\/index.php\/wp-json\/wp\/v2\/media?parent=90"}],"curies":[{"name":"wp","href":"https:\/\/api.w.org\/{rel}","templated":true}]}}