{"id":793,"date":"2021-03-30T09:23:06","date_gmt":"2021-03-30T09:23:06","guid":{"rendered":"https:\/\/daiquiribartender.axessdata.se\/?page_id=793"},"modified":"2026-01-04T04:47:50","modified_gmt":"2026-01-04T03:47:50","slug":"service-plus","status":"publish","type":"page","link":"https:\/\/daiquiribartender.axessdata.se\/index.php\/service-plus\/","title":{"rendered":"Service Plus"},"content":{"rendered":"<div class=\"wpb-content-wrapper\"><p>[vc_row][vc_column icons_position=&#8221;left&#8221;][vc_column_text css=&#8221;&#8221;]<\/p>\n<h2>K\u00e4ra Kunder,<\/h2>\n<p><big>V\u00e5rt prim\u00e4ra m\u00e5l \u00e4r att utveckla ett s\u00e4kert och anpassningsbart tema ramverk som uppfyller slutanv\u00e4ndarens behov. D\u00e4rf\u00f6r kan v\u00e5ra kunder skapa webbplatser med v\u00e5ra mallar lika enkelt som 1-2-3! Denna process kr\u00e4ver minimal kunskap om WordPress och kodning, samt omfattande dokumentation, och v\u00e5rt support team finns alltid till din tj\u00e4nst. Vi ber dig dock att komma ih\u00e5g att problem ibland inte uppst\u00e5r p\u00e5 grund av att mallarna inte fungerar. Det kan finnas situationer d\u00e4r det inte beror p\u00e5 oss och ramverket. Till exempel server inst\u00e4llningar, extra funktioner som kr\u00e4ver djupg\u00e5ende fil anpassning eller anv\u00e4ndning av ytterligare plugins. Och naturligtvis ett f\u00f6rs\u00f6k att bygga en webbplats p\u00e5 mycket kort tid.<\/big><\/p>\n<p><big>Vi k\u00e4nner v\u00e5rt tema ramverk perfekt och har ett mycket professionellt team av utvecklare. De hj\u00e4lper dig att utveckla den webbplats du beh\u00f6ver. Om du beh\u00f6ver anpassning av webbplatsen, kontakta v\u00e5rt supportsystem f\u00f6r mer information:&nbsp;<\/big>[\/vc_column_text][vc_separator style=&#8221;dashed&#8221;][\/vc_column][\/vc_row][vc_row][vc_column icons_position=&#8221;left&#8221;]<div id=\"sc_title_1214274775\"\r\n\t\tclass=\"sc_title color_style_default sc_title_default\"><h6 class=\"sc_item_subtitle sc_title_subtitle sc_align_center sc_item_title_style_default\"><span class=\"in\">Anpassning<\/span><\/h6><h3 class=\"sc_item_title sc_title_title sc_align_center sc_item_title_style_default\">Paket<\/h3><\/div><!-- \/.sc_title -->[vc_empty_space height=&#8221;&#8221; alter_height=&#8221;medium&#8221; hide_on_desktop=&#8221;&#8221; hide_on_notebook=&#8221;&#8221; hide_on_tablet=&#8221;&#8221; hide_on_mobile=&#8221;&#8221;]<div  id=\"sc_price_1119004357\" \n\tclass=\"sc_price color_style_default sc_price_default\"><div class=\"sc_price_columns_wrap sc_item_columns trx_addons_columns_wrap columns_padding_bottom\"><div class=\"trx_addons_column-1_3\"><div class=\"sc_price_item sc_price_item_default\">\n\t\t\t<div class=\"sc_price_item_info\"><h6 class=\"sc_price_item_subtitle\"><span>regul\u00e4r<\/span><\/h6><h3 class=\"sc_price_item_title\"><span>Installation + Logo \u00c4ndring<\/span><\/h3><div class=\"sc_price_item_details\"><ul>\n \t<li>Mallen kommer att installeras p\u00e5 din server exakt som demon ser ut. Du f\u00e5r tillg\u00e5ng till administrat\u00f6rspanelen s\u00e5 att du kan hantera din webbplats.<\/li>\n<li>Vi kommer att ers\u00e4tta mallens logotyp med din p\u00e5 varje sida i mallen. Logotypen m\u00e5ste vara av god kvalitet i formaten .PSD, .EPS, .PNG, .JPG. Logotypens bredd ska vara 300px och 600px.<\/li>\n<\/ul><\/div><div class=\"sc_price_item_price\"><span class=\"sc_price_item_price_before\">$<\/span><span class=\"sc_price_item_price_value\">45<\/span><\/div><a href=\"https:\/\/daiquiribartender.axessdata.se\/\" class=\"sc_price_item_link sc_button\">Ta den h\u00e4r dealen<\/a><\/div><!-- \/.sc_price_item_info --><\/div><\/div><div class=\"trx_addons_column-1_3\"><div class=\"sc_price_item sc_price_item_default\">\n\t\t\t<div class=\"sc_price_item_info\"><h6 class=\"sc_price_item_subtitle\"><span>silver<\/span><\/h6><h3 class=\"sc_price_item_title\"><span>Redo-att-Anv\u00e4nda Webbsida<\/span><\/h3><div class=\"sc_price_item_details\"><ul>\n \t<li>Temainstallation p\u00e5 din server med din logotyp<\/li>\n<li>Google-karta med din adress angiven<\/li>\n<li>Inneh\u00e5lls- och bildbyte upp till 6 sidor (utan layout\u00e4ndring)<\/li>\n<li>Ta bort element som du inte beh\u00f6ver p\u00e5 din webbplats<\/li>\n<li>Sociala ikoner (utan att \u00e4ndra tema layout)<\/li>\n<li>F\u00e4rgschemabyte<\/li>\n<\/ul><\/div><div class=\"sc_price_item_price\"><span class=\"sc_price_item_price_before\">$<\/span><span class=\"sc_price_item_price_value\">469<\/span><\/div><a href=\"https:\/\/daiquiribartender.axessdata.se\/\" class=\"sc_price_item_link sc_button\">Ta den h\u00e4r dealen<\/a><\/div><!-- \/.sc_price_item_info --><\/div><\/div><div class=\"trx_addons_column-1_3\"><div class=\"sc_price_item sc_price_item_default\">\n\t\t\t<div class=\"sc_price_item_info\"><h6 class=\"sc_price_item_subtitle\"><span>guld<\/span><\/h6><h3 class=\"sc_price_item_title\"><span>Full Webbsida Paket<\/span><\/h3><div class=\"sc_price_item_details\"><ul>\n \t<li>Installation av WordPress och tema<\/li>\n<li>Anpassning av webbplatsens varum\u00e4rke<\/li>\n<li>Byte av f\u00e4rgschema<\/li>\n<li>Inneh\u00e5llskonfiguration (l\u00e4gga till 6 sidor, 6 inl\u00e4gg, Revolution-sliders)<\/li>\n<li>SEO-grunder<\/li>\n<li>Optimering av webbplatsens hastighet<\/li>\n<\/ul><\/div><div class=\"sc_price_item_price\"><span class=\"sc_price_item_price_before\">$<\/span><span class=\"sc_price_item_price_value\">699<\/span><\/div><a href=\"https:\/\/daiquiribartender.axessdata.se\/\" class=\"sc_price_item_link sc_button\">Ta den h\u00e4r dealen<\/a><\/div><!-- \/.sc_price_item_info --><\/div><\/div><\/div><\/div><!-- \/.sc_price -->[\/vc_column][\/vc_row]<\/p>\n<\/div>","protected":false},"excerpt":{"rendered":"<p>[vc_row][vc_column icons_position=&#8221;left&#8221;][vc_column_text css=&#8221;&#8221;] K\u00e4ra Kunder, V\u00e5rt prim\u00e4ra m\u00e5l \u00e4r att utveckla ett s\u00e4kert och anpassningsbart tema ramverk som uppfyller slutanv\u00e4ndarens behov. D\u00e4rf\u00f6r kan v\u00e5ra kunder skapa webbplatser med v\u00e5ra mallar lika enkelt som 1-2-3! Denna process kr\u00e4ver minimal&hellip;<\/p>\n","protected":false},"author":1,"featured_media":0,"parent":0,"menu_order":0,"comment_status":"closed","ping_status":"closed","template":"","meta":{"footnotes":""},"class_list":["post-793","page","type-page","status-publish","hentry"],"_links":{"self":[{"href":"https:\/\/daiquiribartender.axessdata.se\/index.php\/wp-json\/wp\/v2\/pages\/793","targetHints":{"allow":["GET"]}}],"collection":[{"href":"https:\/\/daiquiribartender.axessdata.se\/index.php\/wp-json\/wp\/v2\/pages"}],"about":[{"href":"https:\/\/daiquiribartender.axessdata.se\/index.php\/wp-json\/wp\/v2\/types\/page"}],"author":[{"embeddable":true,"href":"https:\/\/daiquiribartender.axessdata.se\/index.php\/wp-json\/wp\/v2\/users\/1"}],"replies":[{"embeddable":true,"href":"https:\/\/daiquiribartender.axessdata.se\/index.php\/wp-json\/wp\/v2\/comments?post=793"}],"version-history":[{"count":3,"href":"https:\/\/daiquiribartender.axessdata.se\/index.php\/wp-json\/wp\/v2\/pages\/793\/revisions"}],"predecessor-version":[{"id":1107,"href":"https:\/\/daiquiribartender.axessdata.se\/index.php\/wp-json\/wp\/v2\/pages\/793\/revisions\/1107"}],"wp:attachment":[{"href":"https:\/\/daiquiribartender.axessdata.se\/index.php\/wp-json\/wp\/v2\/media?parent=793"}],"curies":[{"name":"wp","href":"https:\/\/api.w.org\/{rel}","templated":true}]}}